{"id":1474,"date":"2021-06-09T13:07:55","date_gmt":"2021-06-09T13:07:55","guid":{"rendered":"https:\/\/marisolguesthouse.com\/?page_id=1474"},"modified":"2021-06-19T13:15:32","modified_gmt":"2021-06-19T13:15:32","slug":"cookies","status":"publish","type":"page","link":"https:\/\/marisolguesthouse.com\/de\/cookies\/","title":{"rendered":"Cookie-Richtlinie"},"content":{"rendered":"<div data-elementor-type=\"wp-page\" data-elementor-id=\"1474\" class=\"elementor elementor-1474\" data-elementor-post-type=\"page\">\n\t\t\t\t\t\t<section class=\"elementor-section elementor-top-section elementor-element elementor-element-71743a3 elementor-section-boxed elementor-section-height-default elementor-section-height-default\" data-id=\"71743a3\" data-element_type=\"section\" data-e-type=\"section\">\n\t\t\t\t\t\t<div class=\"elementor-container elementor-column-gap-default\">\n\t\t\t\t\t<div class=\"elementor-column elementor-col-100 elementor-top-column elementor-element elementor-element-414f630\" data-id=\"414f630\" data-element_type=\"column\" data-e-type=\"column\">\n\t\t\t<div class=\"elementor-widget-wrap elementor-element-populated\">\n\t\t\t\t\t\t<div class=\"elementor-element elementor-element-2b5bdc3 elementor-widget elementor-widget-heading\" data-id=\"2b5bdc3\" data-element_type=\"widget\" data-e-type=\"widget\" data-widget_type=\"heading.default\">\n\t\t\t\t<div class=\"elementor-widget-container\">\n\t\t\t\t\t<h2 class=\"elementor-heading-title elementor-size-default\">Cookie-Richtlinie<\/h2>\t\t\t\t<\/div>\n\t\t\t\t<\/div>\n\t\t\t\t\t<\/div>\n\t\t<\/div>\n\t\t\t\t\t<\/div>\n\t\t<\/section>\n\t\t\t\t<section class=\"elementor-section elementor-top-section elementor-element elementor-element-63da081 elementor-section-boxed elementor-section-height-default elementor-section-height-default\" data-id=\"63da081\" data-element_type=\"section\" data-e-type=\"section\">\n\t\t\t\t\t\t<div class=\"elementor-container elementor-column-gap-default\">\n\t\t\t\t\t<div class=\"elementor-column elementor-col-100 elementor-top-column elementor-element elementor-element-c837310\" data-id=\"c837310\" data-element_type=\"column\" data-e-type=\"column\">\n\t\t\t<div class=\"elementor-widget-wrap elementor-element-populated\">\n\t\t\t\t\t\t<div class=\"elementor-element elementor-element-06a1855 elementor-widget elementor-widget-text-editor\" data-id=\"06a1855\" data-element_type=\"widget\" data-e-type=\"widget\" data-widget_type=\"text-editor.default\">\n\t\t\t\t<div class=\"elementor-widget-container\">\n\t\t\t\t\t\t\t\t\t<p>In \u00fcbereinstimmung mit den Bestimmungen des Gesetzes 34\/2002 \u00fcber Dienstleistungen der Informationsgesellschaft und des Elektronischen Handels, informieren wir Sie, dass diese Website speichert Informationen der IP-Adressen der Computer und\/oder mobilen Ger\u00e4ten (tablets, smartphones, etc.), und verwendet Cookies, mit dem Ziel, einen besseren service, und bieten Sie mit eine bessere Erfahrung auf Ihrer navigation.<\/p><p>Cookies helfen uns, um Sie zu identifizieren (wenn Sie eingeloggt sind, auf unserer website), und\/oder um Ihre Einstellungen zu speichern w\u00e4hrend der navigation (Sprache, Land...).<\/p><p>Cookies sind kleine Textdateien, die Informationen enthalten, und das erzeugt in einen computer oder ein terminal des Benutzers beim Browsen der website. Durch das surfen auf dieser Webseite, erteilen Sie Ihre Zustimmung f\u00fcr den Erhalt solcher Cookies zu.\u00a0<\/p><p>Die in den cookies enthaltenen Informationen erm\u00f6glicht es uns auch, die website zu verbessern, indem Sie mittels Sch\u00e4tzungen \u00fcber die Nutzerzahlen und Nutzungsprofile, die Anpassung der website an die individuellen Interessen der Benutzer, die Beschleunigung von Suchanfragen, die...<\/p><p>Obwohl in diesen cookies-Richtlinien wird der Allgemeine Begriff &#034;cookie&#034; als diese ist die wichtigste Methode f\u00fcr die Speicherung von Informationen verwendet, die von unserer website, es ist auch der Raum des &#034;local Storage&#034; des Browsers f\u00fcr denselben Zweck, dass &#034;cookies&#034;. Daher, alle Informationen in diesem Abschnitt gelten auch f\u00fcr diese &#034;lokalen Speicher&#034;.<\/p><p>WELCHE ARTEN VON COOKIES VERWENDEN WIR?<\/p><p>Nach der Zeit, die aktiv bleiben:<\/p><p>Session-Cookies: Sind eine Art von cookies dient zum sammeln und speichern von Daten w\u00e4hrend Sie auf unsere websites zugreifen, und bleiben in der cookie-Datei Ihres Browsers, bis Sie die Seite verlassen. Wie, zum Beispiel, die der cookie-id.<br \/>Persistente Cookies: Sind eine Art von cookies, in denen Daten weiterhin gespeichert, die in das terminal und die zugegriffen werden kann und verarbeitet in einem bestimmten Zeitraum von Zeit.<br \/>Je nach Verwendungszweck und das Unternehmen, das verwaltet:<\/p><p>Cookies von Drittanbietern: dies Sind diejenigen, die sind gesendet zu Ihrem computer oder terminal \u00fcber eine domain oder eine web-Seite, die nicht von uns verwaltet, sondern von einer kooperierenden institution. Wie, zum Beispiel, die von Google verwendet wer installiert cookies, die uns helfen, zu analysieren den Betrieb unserer website und zur Verbesserung der Effektivit\u00e4t unserer marketing-Kampagnen.<\/p>\t\t\t\t\t\t\t\t<\/div>\n\t\t\t\t<\/div>\n\t\t\t\t\t<\/div>\n\t\t<\/div>\n\t\t\t\t\t<\/div>\n\t\t<\/section>\n\t\t\t\t<\/div>","protected":false},"excerpt":{"rendered":"<p>Pol\u00edtica de cookies De conformidad con lo establecido en la Ley 34\/2002 de Servicios de la Sociedad de la Informaci\u00f3n y Comercio Electr\u00f3nico, le informamos que este sitio web almacena informaci\u00f3n de las direcciones IP de los ordenadores y\/o dispositivos m\u00f3viles (tablets, smartphones, etc), y utiliza Cookies con el objetivo de prestar un mejor servicio [&hellip;]<\/p>\n","protected":false},"author":1,"featured_media":0,"parent":0,"menu_order":0,"comment_status":"closed","ping_status":"closed","template":"elementor_header_footer","meta":{"inline_featured_image":false,"site-sidebar-layout":"no-sidebar","site-content-layout":"page-builder","ast-site-content-layout":"default","site-content-style":"default","site-sidebar-style":"default","ast-global-header-display":"","ast-banner-title-visibility":"","ast-main-header-display":"","ast-hfb-above-header-display":"","ast-hfb-below-header-display":"","ast-hfb-mobile-header-display":"","site-post-title":"disabled","ast-breadcrumbs-content":"","ast-featured-img":"disabled","footer-sml-layout":"","ast-disable-related-posts":"","theme-transparent-header-meta":"default","adv-header-id-meta":"","stick-header-meta":"","header-above-stick-meta":"","header-main-stick-meta":"","header-below-stick-meta":"","astra-migrate-meta-layouts":"default","ast-page-background-enabled":"default","ast-page-background-meta":{"desktop":{"background-color":"","background-image":"","background-repeat":"repeat","background-position":"center center","background-size":"auto","background-attachment":"scroll","background-type":"","background-media":"","overlay-type":"","overlay-color":"","overlay-opacity":"","overlay-gradient":""},"tablet":{"background-color":"","background-image":"","background-repeat":"repeat","background-position":"center center","background-size":"auto","background-attachment":"scroll","background-type":"","background-media":"","overlay-type":"","overlay-color":"","overlay-opacity":"","overlay-gradient":""},"mobile":{"background-color":"","background-image":"","background-repeat":"repeat","background-position":"center center","background-size":"auto","background-attachment":"scroll","background-type":"","background-media":"","overlay-type":"","overlay-color":"","overlay-opacity":"","overlay-gradient":""}},"ast-content-background-meta":{"desktop":{"background-color":"var(--ast-global-color-5)","background-image":"","background-repeat":"repeat","background-position":"center center","background-size":"auto","background-attachment":"scroll","background-type":"","background-media":"","overlay-type":"","overlay-color":"","overlay-opacity":"","overlay-gradient":""},"tablet":{"background-color":"var(--ast-global-color-5)","background-image":"","background-repeat":"repeat","background-position":"center center","background-size":"auto","background-attachment":"scroll","background-type":"","background-media":"","overlay-type":"","overlay-color":"","overlay-opacity":"","overlay-gradient":""},"mobile":{"background-color":"var(--ast-global-color-5)","background-image":"","background-repeat":"repeat","background-position":"center center","background-size":"auto","background-attachment":"scroll","background-type":"","background-media":"","overlay-type":"","overlay-color":"","overlay-opacity":"","overlay-gradient":""}},"_joinchat":[],"footnotes":""},"class_list":["post-1474","page","type-page","status-publish","hentry"],"yoast_head":"<!-- This site is optimized with the Yoast SEO plugin v27.4 - https:\/\/yoast.com\/product\/yoast-seo-wordpress\/ -->\n<title>Pol\u00edtica de cookies | Marisol Guesthouse<\/title>\n<meta name=\"robots\" content=\"index, follow, max-snippet:-1, max-image-preview:large, max-video-preview:-1\" \/>\n<link rel=\"canonical\" href=\"https:\/\/marisolguesthouse.com\/de\/cookies\/\" \/>\n<meta property=\"og:locale\" content=\"de_DE\" \/>\n<meta property=\"og:type\" content=\"article\" \/>\n<meta property=\"og:title\" content=\"Pol\u00edtica de cookies | Marisol Guesthouse\" \/>\n<meta property=\"og:description\" content=\"Pol\u00edtica de cookies De conformidad con lo establecido en la Ley 34\/2002 de Servicios de la Sociedad de la Informaci\u00f3n y Comercio Electr\u00f3nico, le informamos que este sitio web almacena informaci\u00f3n de las direcciones IP de los ordenadores y\/o dispositivos m\u00f3viles (tablets, smartphones, etc), y utiliza Cookies con el objetivo de prestar un mejor servicio [&hellip;]\" \/>\n<meta property=\"og:url\" content=\"https:\/\/marisolguesthouse.com\/de\/cookies\/\" \/>\n<meta property=\"og:site_name\" content=\"Marisol Guesthouse\" \/>\n<meta property=\"article:modified_time\" content=\"2021-06-19T13:15:32+00:00\" \/>\n<meta name=\"twitter:card\" content=\"summary_large_image\" \/>\n<meta name=\"twitter:label1\" content=\"Gesch\u00e4tzte Lesezeit\" \/>\n\t<meta name=\"twitter:data1\" content=\"2\u00a0Minuten\" \/>\n<script type=\"application\/ld+json\" class=\"yoast-schema-graph\">{\"@context\":\"https:\\\/\\\/schema.org\",\"@graph\":[{\"@type\":\"WebPage\",\"@id\":\"https:\\\/\\\/marisolguesthouse.com\\\/cookies\\\/\",\"url\":\"https:\\\/\\\/marisolguesthouse.com\\\/cookies\\\/\",\"name\":\"Pol\u00edtica de cookies | Marisol Guesthouse\",\"isPartOf\":{\"@id\":\"https:\\\/\\\/marisolguesthouse.com\\\/#website\"},\"datePublished\":\"2021-06-09T13:07:55+00:00\",\"dateModified\":\"2021-06-19T13:15:32+00:00\",\"breadcrumb\":{\"@id\":\"https:\\\/\\\/marisolguesthouse.com\\\/cookies\\\/#breadcrumb\"},\"inLanguage\":\"de\",\"potentialAction\":[{\"@type\":\"ReadAction\",\"target\":[\"https:\\\/\\\/marisolguesthouse.com\\\/cookies\\\/\"]}]},{\"@type\":\"BreadcrumbList\",\"@id\":\"https:\\\/\\\/marisolguesthouse.com\\\/cookies\\\/#breadcrumb\",\"itemListElement\":[{\"@type\":\"ListItem\",\"position\":1,\"name\":\"Portada\",\"item\":\"https:\\\/\\\/marisolguesthouse.com\\\/\"},{\"@type\":\"ListItem\",\"position\":2,\"name\":\"Pol\u00edtica de cookies\"}]},{\"@type\":\"WebSite\",\"@id\":\"https:\\\/\\\/marisolguesthouse.com\\\/#website\",\"url\":\"https:\\\/\\\/marisolguesthouse.com\\\/\",\"name\":\"Marisol Guesthouse\",\"description\":\"\",\"publisher\":{\"@id\":\"https:\\\/\\\/marisolguesthouse.com\\\/#organization\"},\"potentialAction\":[{\"@type\":\"SearchAction\",\"target\":{\"@type\":\"EntryPoint\",\"urlTemplate\":\"https:\\\/\\\/marisolguesthouse.com\\\/?s={search_term_string}\"},\"query-input\":{\"@type\":\"PropertyValueSpecification\",\"valueRequired\":true,\"valueName\":\"search_term_string\"}}],\"inLanguage\":\"de\"},{\"@type\":\"Organization\",\"@id\":\"https:\\\/\\\/marisolguesthouse.com\\\/#organization\",\"name\":\"Marisol Guesthouse\",\"url\":\"https:\\\/\\\/marisolguesthouse.com\\\/\",\"logo\":{\"@type\":\"ImageObject\",\"inLanguage\":\"de\",\"@id\":\"https:\\\/\\\/marisolguesthouse.com\\\/#\\\/schema\\\/logo\\\/image\\\/\",\"url\":\"https:\\\/\\\/marisolguesthouse.com\\\/wp-content\\\/uploads\\\/2021\\\/05\\\/marisolguesthouse.png\",\"contentUrl\":\"https:\\\/\\\/marisolguesthouse.com\\\/wp-content\\\/uploads\\\/2021\\\/05\\\/marisolguesthouse.png\",\"width\":1000,\"height\":380,\"caption\":\"Marisol Guesthouse\"},\"image\":{\"@id\":\"https:\\\/\\\/marisolguesthouse.com\\\/#\\\/schema\\\/logo\\\/image\\\/\"},\"sameAs\":[\"https:\\\/\\\/www.instagram.com\\\/marisolguesthouse\\\/\"]}]}<\/script>\n<!-- \/ Yoast SEO plugin. -->","yoast_head_json":{"title":"Cookie-Richtlinie | Marisol Guesthouse","robots":{"index":"index","follow":"follow","max-snippet":"max-snippet:-1","max-image-preview":"max-image-preview:large","max-video-preview":"max-video-preview:-1"},"canonical":"https:\/\/marisolguesthouse.com\/de\/cookies\/","og_locale":"de_DE","og_type":"article","og_title":"Pol\u00edtica de cookies | Marisol Guesthouse","og_description":"Pol\u00edtica de cookies De conformidad con lo establecido en la Ley 34\/2002 de Servicios de la Sociedad de la Informaci\u00f3n y Comercio Electr\u00f3nico, le informamos que este sitio web almacena informaci\u00f3n de las direcciones IP de los ordenadores y\/o dispositivos m\u00f3viles (tablets, smartphones, etc), y utiliza Cookies con el objetivo de prestar un mejor servicio [&hellip;]","og_url":"https:\/\/marisolguesthouse.com\/de\/cookies\/","og_site_name":"Marisol Guesthouse","article_modified_time":"2021-06-19T13:15:32+00:00","twitter_card":"summary_large_image","twitter_misc":{"Gesch\u00e4tzte Lesezeit":"2\u00a0Minuten"},"schema":{"@context":"https:\/\/schema.org","@graph":[{"@type":"WebPage","@id":"https:\/\/marisolguesthouse.com\/cookies\/","url":"https:\/\/marisolguesthouse.com\/cookies\/","name":"Cookie-Richtlinie | Marisol Guesthouse","isPartOf":{"@id":"https:\/\/marisolguesthouse.com\/#website"},"datePublished":"2021-06-09T13:07:55+00:00","dateModified":"2021-06-19T13:15:32+00:00","breadcrumb":{"@id":"https:\/\/marisolguesthouse.com\/cookies\/#breadcrumb"},"inLanguage":"de","potentialAction":[{"@type":"ReadAction","target":["https:\/\/marisolguesthouse.com\/cookies\/"]}]},{"@type":"BreadcrumbList","@id":"https:\/\/marisolguesthouse.com\/cookies\/#breadcrumb","itemListElement":[{"@type":"ListItem","position":1,"name":"Portada","item":"https:\/\/marisolguesthouse.com\/"},{"@type":"ListItem","position":2,"name":"Pol\u00edtica de cookies"}]},{"@type":"WebSite","@id":"https:\/\/marisolguesthouse.com\/#website","url":"https:\/\/marisolguesthouse.com\/","name":"Marisol Guesthouse","description":"","publisher":{"@id":"https:\/\/marisolguesthouse.com\/#organization"},"potentialAction":[{"@type":"SearchAction","target":{"@type":"EntryPoint","urlTemplate":"https:\/\/marisolguesthouse.com\/?s={search_term_string}"},"query-input":{"@type":"PropertyValueSpecification","valueRequired":true,"valueName":"search_term_string"}}],"inLanguage":"de"},{"@type":"Organization","@id":"https:\/\/marisolguesthouse.com\/#organization","name":"Marisol Guesthouse","url":"https:\/\/marisolguesthouse.com\/","logo":{"@type":"ImageObject","inLanguage":"de","@id":"https:\/\/marisolguesthouse.com\/#\/schema\/logo\/image\/","url":"https:\/\/marisolguesthouse.com\/wp-content\/uploads\/2021\/05\/marisolguesthouse.png","contentUrl":"https:\/\/marisolguesthouse.com\/wp-content\/uploads\/2021\/05\/marisolguesthouse.png","width":1000,"height":380,"caption":"Marisol Guesthouse"},"image":{"@id":"https:\/\/marisolguesthouse.com\/#\/schema\/logo\/image\/"},"sameAs":["https:\/\/www.instagram.com\/marisolguesthouse\/"]}]}},"_links":{"self":[{"href":"https:\/\/marisolguesthouse.com\/de\/wp-json\/wp\/v2\/pages\/1474","targetHints":{"allow":["GET"]}}],"collection":[{"href":"https:\/\/marisolguesthouse.com\/de\/wp-json\/wp\/v2\/pages"}],"about":[{"href":"https:\/\/marisolguesthouse.com\/de\/wp-json\/wp\/v2\/types\/page"}],"author":[{"embeddable":true,"href":"https:\/\/marisolguesthouse.com\/de\/wp-json\/wp\/v2\/users\/1"}],"replies":[{"embeddable":true,"href":"https:\/\/marisolguesthouse.com\/de\/wp-json\/wp\/v2\/comments?post=1474"}],"version-history":[{"count":15,"href":"https:\/\/marisolguesthouse.com\/de\/wp-json\/wp\/v2\/pages\/1474\/revisions"}],"predecessor-version":[{"id":3631,"href":"https:\/\/marisolguesthouse.com\/de\/wp-json\/wp\/v2\/pages\/1474\/revisions\/3631"}],"wp:attachment":[{"href":"https:\/\/marisolguesthouse.com\/de\/wp-json\/wp\/v2\/media?parent=1474"}],"curies":[{"name":"wp","href":"https:\/\/api.w.org\/{rel}","templated":true}]}}