{"id":1489,"date":"2021-06-09T13:44:29","date_gmt":"2021-06-09T13:44:29","guid":{"rendered":"https:\/\/marisolguesthouse.com\/?page_id=1489"},"modified":"2021-06-23T11:28:40","modified_gmt":"2021-06-23T11:28:40","slug":"aviso-legal","status":"publish","type":"page","link":"https:\/\/marisolguesthouse.com\/en\/aviso-legal\/","title":{"rendered":"Privacy Policy"},"content":{"rendered":"<div data-elementor-type=\"wp-page\" data-elementor-id=\"1489\" class=\"elementor elementor-1489\" data-elementor-post-type=\"page\">\n\t\t\t\t\t\t<section class=\"elementor-section elementor-top-section elementor-element elementor-element-5eff4e7 elementor-section-boxed elementor-section-height-default elementor-section-height-default\" data-id=\"5eff4e7\" data-element_type=\"section\" data-e-type=\"section\">\n\t\t\t\t\t\t<div class=\"elementor-container elementor-column-gap-default\">\n\t\t\t\t\t<div class=\"elementor-column elementor-col-100 elementor-top-column elementor-element elementor-element-d7763ba\" data-id=\"d7763ba\" data-element_type=\"column\" data-e-type=\"column\">\n\t\t\t<div class=\"elementor-widget-wrap elementor-element-populated\">\n\t\t\t\t\t\t<div class=\"elementor-element elementor-element-64b8d5d elementor-widget elementor-widget-heading\" data-id=\"64b8d5d\" data-element_type=\"widget\" data-e-type=\"widget\" data-widget_type=\"heading.default\">\n\t\t\t\t<div class=\"elementor-widget-container\">\n\t\t\t\t\t<h2 class=\"elementor-heading-title elementor-size-default\">Privacy Policy<\/h2>\t\t\t\t<\/div>\n\t\t\t\t<\/div>\n\t\t\t\t\t<\/div>\n\t\t<\/div>\n\t\t\t\t\t<\/div>\n\t\t<\/section>\n\t\t\t\t<section class=\"elementor-section elementor-top-section elementor-element elementor-element-4d7c2aa elementor-section-boxed elementor-section-height-default elementor-section-height-default\" data-id=\"4d7c2aa\" data-element_type=\"section\" data-e-type=\"section\">\n\t\t\t\t\t\t<div class=\"elementor-container elementor-column-gap-default\">\n\t\t\t\t\t<div class=\"elementor-column elementor-col-100 elementor-top-column elementor-element elementor-element-62fcaea\" data-id=\"62fcaea\" data-element_type=\"column\" data-e-type=\"column\">\n\t\t\t<div class=\"elementor-widget-wrap elementor-element-populated\">\n\t\t\t\t\t\t<div class=\"elementor-element elementor-element-6cbc5c8 elementor-widget elementor-widget-text-editor\" data-id=\"6cbc5c8\" data-element_type=\"widget\" data-e-type=\"widget\" data-widget_type=\"text-editor.default\">\n\t\t\t\t<div class=\"elementor-widget-container\">\n\t\t\t\t\t\t\t\t\t<p><strong>Marisol Guesthouse<\/strong>, en aplicaci\u00f3n de la normativa vigente en materia de protecci\u00f3n de datos de car\u00e1cter personal, informa que los datos personales que se recogen a trav\u00e9s de los formularios en papel o soporte inform\u00e1tico, se incluyen en los ficheros automatizados espec\u00edficos de usuarios de los servicios de <strong>Marisol Guesthouse<\/strong>.<\/p><p>La recogida y tratamiento automatizado de los datos de car\u00e1cter personal tiene como finalidad el mantenimiento de la relaci\u00f3n comercial y el desempe\u00f1o de tareas de informaci\u00f3n, formaci\u00f3n, asesoramiento y otras actividades propias de <strong>Marisol Guesthouse<\/strong>.<\/p><p>Estos datos no ser\u00e1n cedidos a ninguna entidad ajena a <strong>Marisol Guesthouse<\/strong>\u00a0con la \u00fanica excepci\u00f3n de obligaci\u00f3n o mandato legal.<\/p><p>Adoptamos las medidas necesarias para garantizar la seguridad, integridad y confidencialidad de los datos conforme a lo dispuesto en el Reglamento (UE) 2016\/679 del Parlamento Europeo y del Consejo, de 27 de abril de 2016, relativo a la protecci\u00f3n de las personas f\u00edsicas en lo que respecta al tratamiento de datos personales y a la libre circulaci\u00f3n de los mismos.<\/p><p>The user may at any time, exercise your rights of access, opposition, rectification and cancellation recognized in the aforementioned Regulation (EU). The exercise of these rights may be performed by the user via e-mail to: hola.donostia@gmail.com<\/p><p>El usuario manifiesta que todos los datos facilitados por \u00e9l son ciertos y correctos..<\/p><p>The purpose of processing personal data:<\/p><p>What purpose will we process your personal data?<\/p><p>In case of hiring of the services offered to maintain the contractual relationship, as well as the management, administration, information, provision and improvement of the service.<br \/>Sending requested information through the forms provided in digital or physical.<br \/>Remitir boletines (Newsletter), as\u00ed como comunicaciones comerciales de promociones y\/o publicidad de nuestra entidad y\/o del sector. En este caso, existe en los formularios y contratos una casilla diferenciada a rellenar voluntariamente por el usuario para recibir dicha informaci\u00f3n.<br \/>Please note that you can oppose the sending of commercial communications by any means and at any time, by sending an e-mail to the address listed above.<\/p><p>How long you retain personal data collected?<\/p><p>The personal data provided will be kept as long as the business relationship and not to ask for its deletion. Later, they will be preserved for the periods prescribed by law (except, in both cases, that the treatment was based on the consent of the User and deletion, in which case they will be kept until such revocation).<\/p><p>Therefore, we can guarantee that your data shall not be kept longer than necessary for the purposes described above, without prejudice to the conservation that is necessary for the formulation, exercise or defense of potential claims and\/or whenever permitted under the applicable law.<\/p><p>Legitimation<\/p><p>The processing of your data is done with following legal bases that legitimize it:<\/p><p>La solicitud de informaci\u00f3n y\/o la contrataci\u00f3n de los servicios de <strong>Marisol Guesthouse<\/strong>\u00a0cuyos t\u00e9rminos y condiciones se pondr\u00e1n a su disposici\u00f3n en todo caso de forma previa a una eventual contrataci\u00f3n.<br \/>The consent freely given, specific, informed and unequivocal, as we inform you by placing at their disposal the present privacy policy, which after reading the same, if agree, you can accept by a statement or clear action affirmative, such as the marking of a box provided for that purpose.<br \/>In the event that we do not provide your data, or does so erroneous, or incomplete, we may not be able to accommodate your request, resulting impossible to provide the requested information or carry out the contracting of the services.<\/p><p>Commercial communications<\/p><p>En aplicaci\u00f3n de la LSSI. <strong>Marisol Guesthouse<\/strong>\u00a0no enviar\u00e1 comunicaciones publicitarias o promocionales por correo electr\u00f3nico u otro medio de comunicaci\u00f3n electr\u00f3nica equivalente que previamente no hubieran sido solicitadas o expresamente autorizadas por los destinatarios de las mismas.<\/p><p>En el caso de usuarios con los que exista una relaci\u00f3n contractual previa, <strong>Marisol Guesthouse<\/strong>\u00a0estar\u00e1 autorizado al env\u00edo de comunicaciones comerciales referentes a productos o servicios que sean similares a los que inicialmente fueron objeto de contrataci\u00f3n con el cliente.<\/p><p>In any case, the user, upon showing proof of your identity, you can request to not get more commercial information through channels listed above.<\/p>\t\t\t\t\t\t\t\t<\/div>\n\t\t\t\t<\/div>\n\t\t\t\t\t<\/div>\n\t\t<\/div>\n\t\t\t\t\t<\/div>\n\t\t<\/section>\n\t\t\t\t<\/div>","protected":false},"excerpt":{"rendered":"<p>Aviso legal Marisol Guesthouse, en aplicaci\u00f3n de la normativa vigente en materia de protecci\u00f3n de datos de car\u00e1cter personal, informa que los datos personales que se recogen a trav\u00e9s de los formularios en papel o soporte inform\u00e1tico, se incluyen en los ficheros automatizados espec\u00edficos de usuarios de los servicios de Marisol Guesthouse. La recogida y [&hellip;]<\/p>\n","protected":false},"author":1,"featured_media":0,"parent":0,"menu_order":0,"comment_status":"closed","ping_status":"closed","template":"","meta":{"inline_featured_image":false,"site-sidebar-layout":"no-sidebar","site-content-layout":"page-builder","ast-site-content-layout":"default","site-content-style":"default","site-sidebar-style":"default","ast-global-header-display":"","ast-banner-title-visibility":"","ast-main-header-display":"","ast-hfb-above-header-display":"","ast-hfb-below-header-display":"","ast-hfb-mobile-header-display":"","site-post-title":"disabled","ast-breadcrumbs-content":"","ast-featured-img":"disabled","footer-sml-layout":"","ast-disable-related-posts":"","theme-transparent-header-meta":"default","adv-header-id-meta":"","stick-header-meta":"","header-above-stick-meta":"","header-main-stick-meta":"","header-below-stick-meta":"","astra-migrate-meta-layouts":"default","ast-page-background-enabled":"default","ast-page-background-meta":{"desktop":{"background-color":"","background-image":"","background-repeat":"repeat","background-position":"center center","background-size":"auto","background-attachment":"scroll","background-type":"","background-media":"","overlay-type":"","overlay-color":"","overlay-opacity":"","overlay-gradient":""},"tablet":{"background-color":"","background-image":"","background-repeat":"repeat","background-position":"center center","background-size":"auto","background-attachment":"scroll","background-type":"","background-media":"","overlay-type":"","overlay-color":"","overlay-opacity":"","overlay-gradient":""},"mobile":{"background-color":"","background-image":"","background-repeat":"repeat","background-position":"center center","background-size":"auto","background-attachment":"scroll","background-type":"","background-media":"","overlay-type":"","overlay-color":"","overlay-opacity":"","overlay-gradient":""}},"ast-content-background-meta":{"desktop":{"background-color":"var(--ast-global-color-5)","background-image":"","background-repeat":"repeat","background-position":"center center","background-size":"auto","background-attachment":"scroll","background-type":"","background-media":"","overlay-type":"","overlay-color":"","overlay-opacity":"","overlay-gradient":""},"tablet":{"background-color":"var(--ast-global-color-5)","background-image":"","background-repeat":"repeat","background-position":"center center","background-size":"auto","background-attachment":"scroll","background-type":"","background-media":"","overlay-type":"","overlay-color":"","overlay-opacity":"","overlay-gradient":""},"mobile":{"background-color":"var(--ast-global-color-5)","background-image":"","background-repeat":"repeat","background-position":"center center","background-size":"auto","background-attachment":"scroll","background-type":"","background-media":"","overlay-type":"","overlay-color":"","overlay-opacity":"","overlay-gradient":""}},"_joinchat":[],"footnotes":""},"class_list":["post-1489","page","type-page","status-publish","hentry"],"yoast_head":"<!-- This site is optimized with the Yoast SEO plugin v27.4 - https:\/\/yoast.com\/product\/yoast-seo-wordpress\/ -->\n<title>Aviso legal | Marisol Guesthouse<\/title>\n<meta name=\"robots\" content=\"index, follow, max-snippet:-1, max-image-preview:large, max-video-preview:-1\" \/>\n<link rel=\"canonical\" href=\"https:\/\/marisolguesthouse.com\/en\/aviso-legal\/\" \/>\n<meta property=\"og:locale\" content=\"en_GB\" \/>\n<meta property=\"og:type\" content=\"article\" \/>\n<meta property=\"og:title\" content=\"Aviso legal | Marisol Guesthouse\" \/>\n<meta property=\"og:description\" content=\"Aviso legal Marisol Guesthouse, en aplicaci\u00f3n de la normativa vigente en materia de protecci\u00f3n de datos de car\u00e1cter personal, informa que los datos personales que se recogen a trav\u00e9s de los formularios en papel o soporte inform\u00e1tico, se incluyen en los ficheros automatizados espec\u00edficos de usuarios de los servicios de Marisol Guesthouse. La recogida y [&hellip;]\" \/>\n<meta property=\"og:url\" content=\"https:\/\/marisolguesthouse.com\/en\/aviso-legal\/\" \/>\n<meta property=\"og:site_name\" content=\"Marisol Guesthouse\" \/>\n<meta property=\"article:modified_time\" content=\"2021-06-23T11:28:40+00:00\" \/>\n<meta name=\"twitter:card\" content=\"summary_large_image\" \/>\n<meta name=\"twitter:label1\" content=\"Estimated reading time\" \/>\n\t<meta name=\"twitter:data1\" content=\"4 minutes\" \/>\n<script type=\"application\/ld+json\" class=\"yoast-schema-graph\">{\"@context\":\"https:\\\/\\\/schema.org\",\"@graph\":[{\"@type\":\"WebPage\",\"@id\":\"https:\\\/\\\/marisolguesthouse.com\\\/aviso-legal\\\/\",\"url\":\"https:\\\/\\\/marisolguesthouse.com\\\/aviso-legal\\\/\",\"name\":\"Aviso legal | Marisol Guesthouse\",\"isPartOf\":{\"@id\":\"https:\\\/\\\/marisolguesthouse.com\\\/#website\"},\"datePublished\":\"2021-06-09T13:44:29+00:00\",\"dateModified\":\"2021-06-23T11:28:40+00:00\",\"breadcrumb\":{\"@id\":\"https:\\\/\\\/marisolguesthouse.com\\\/aviso-legal\\\/#breadcrumb\"},\"inLanguage\":\"en-GB\",\"potentialAction\":[{\"@type\":\"ReadAction\",\"target\":[\"https:\\\/\\\/marisolguesthouse.com\\\/aviso-legal\\\/\"]}]},{\"@type\":\"BreadcrumbList\",\"@id\":\"https:\\\/\\\/marisolguesthouse.com\\\/aviso-legal\\\/#breadcrumb\",\"itemListElement\":[{\"@type\":\"ListItem\",\"position\":1,\"name\":\"Portada\",\"item\":\"https:\\\/\\\/marisolguesthouse.com\\\/\"},{\"@type\":\"ListItem\",\"position\":2,\"name\":\"Aviso legal\"}]},{\"@type\":\"WebSite\",\"@id\":\"https:\\\/\\\/marisolguesthouse.com\\\/#website\",\"url\":\"https:\\\/\\\/marisolguesthouse.com\\\/\",\"name\":\"Marisol Guesthouse\",\"description\":\"\",\"publisher\":{\"@id\":\"https:\\\/\\\/marisolguesthouse.com\\\/#organization\"},\"potentialAction\":[{\"@type\":\"SearchAction\",\"target\":{\"@type\":\"EntryPoint\",\"urlTemplate\":\"https:\\\/\\\/marisolguesthouse.com\\\/?s={search_term_string}\"},\"query-input\":{\"@type\":\"PropertyValueSpecification\",\"valueRequired\":true,\"valueName\":\"search_term_string\"}}],\"inLanguage\":\"en-GB\"},{\"@type\":\"Organization\",\"@id\":\"https:\\\/\\\/marisolguesthouse.com\\\/#organization\",\"name\":\"Marisol Guesthouse\",\"url\":\"https:\\\/\\\/marisolguesthouse.com\\\/\",\"logo\":{\"@type\":\"ImageObject\",\"inLanguage\":\"en-GB\",\"@id\":\"https:\\\/\\\/marisolguesthouse.com\\\/#\\\/schema\\\/logo\\\/image\\\/\",\"url\":\"https:\\\/\\\/marisolguesthouse.com\\\/wp-content\\\/uploads\\\/2021\\\/05\\\/marisolguesthouse.png\",\"contentUrl\":\"https:\\\/\\\/marisolguesthouse.com\\\/wp-content\\\/uploads\\\/2021\\\/05\\\/marisolguesthouse.png\",\"width\":1000,\"height\":380,\"caption\":\"Marisol Guesthouse\"},\"image\":{\"@id\":\"https:\\\/\\\/marisolguesthouse.com\\\/#\\\/schema\\\/logo\\\/image\\\/\"},\"sameAs\":[\"https:\\\/\\\/www.instagram.com\\\/marisolguesthouse\\\/\"]}]}<\/script>\n<!-- \/ Yoast SEO plugin. -->","yoast_head_json":{"title":"Legal notice | Marisol Guesthouse","robots":{"index":"index","follow":"follow","max-snippet":"max-snippet:-1","max-image-preview":"max-image-preview:large","max-video-preview":"max-video-preview:-1"},"canonical":"https:\/\/marisolguesthouse.com\/en\/aviso-legal\/","og_locale":"en_GB","og_type":"article","og_title":"Aviso legal | Marisol Guesthouse","og_description":"Aviso legal Marisol Guesthouse, en aplicaci\u00f3n de la normativa vigente en materia de protecci\u00f3n de datos de car\u00e1cter personal, informa que los datos personales que se recogen a trav\u00e9s de los formularios en papel o soporte inform\u00e1tico, se incluyen en los ficheros automatizados espec\u00edficos de usuarios de los servicios de Marisol Guesthouse. La recogida y [&hellip;]","og_url":"https:\/\/marisolguesthouse.com\/en\/aviso-legal\/","og_site_name":"Marisol Guesthouse","article_modified_time":"2021-06-23T11:28:40+00:00","twitter_card":"summary_large_image","twitter_misc":{"Estimated reading time":"4 minutes"},"schema":{"@context":"https:\/\/schema.org","@graph":[{"@type":"WebPage","@id":"https:\/\/marisolguesthouse.com\/aviso-legal\/","url":"https:\/\/marisolguesthouse.com\/aviso-legal\/","name":"Legal notice | Marisol Guesthouse","isPartOf":{"@id":"https:\/\/marisolguesthouse.com\/#website"},"datePublished":"2021-06-09T13:44:29+00:00","dateModified":"2021-06-23T11:28:40+00:00","breadcrumb":{"@id":"https:\/\/marisolguesthouse.com\/aviso-legal\/#breadcrumb"},"inLanguage":"en-GB","potentialAction":[{"@type":"ReadAction","target":["https:\/\/marisolguesthouse.com\/aviso-legal\/"]}]},{"@type":"BreadcrumbList","@id":"https:\/\/marisolguesthouse.com\/aviso-legal\/#breadcrumb","itemListElement":[{"@type":"ListItem","position":1,"name":"Portada","item":"https:\/\/marisolguesthouse.com\/"},{"@type":"ListItem","position":2,"name":"Aviso legal"}]},{"@type":"WebSite","@id":"https:\/\/marisolguesthouse.com\/#website","url":"https:\/\/marisolguesthouse.com\/","name":"Marisol Guesthouse","description":"","publisher":{"@id":"https:\/\/marisolguesthouse.com\/#organization"},"potentialAction":[{"@type":"SearchAction","target":{"@type":"EntryPoint","urlTemplate":"https:\/\/marisolguesthouse.com\/?s={search_term_string}"},"query-input":{"@type":"PropertyValueSpecification","valueRequired":true,"valueName":"search_term_string"}}],"inLanguage":"en-GB"},{"@type":"Organization","@id":"https:\/\/marisolguesthouse.com\/#organization","name":"Marisol Guesthouse","url":"https:\/\/marisolguesthouse.com\/","logo":{"@type":"ImageObject","inLanguage":"en-GB","@id":"https:\/\/marisolguesthouse.com\/#\/schema\/logo\/image\/","url":"https:\/\/marisolguesthouse.com\/wp-content\/uploads\/2021\/05\/marisolguesthouse.png","contentUrl":"https:\/\/marisolguesthouse.com\/wp-content\/uploads\/2021\/05\/marisolguesthouse.png","width":1000,"height":380,"caption":"Marisol Guesthouse"},"image":{"@id":"https:\/\/marisolguesthouse.com\/#\/schema\/logo\/image\/"},"sameAs":["https:\/\/www.instagram.com\/marisolguesthouse\/"]}]}},"_links":{"self":[{"href":"https:\/\/marisolguesthouse.com\/en\/wp-json\/wp\/v2\/pages\/1489","targetHints":{"allow":["GET"]}}],"collection":[{"href":"https:\/\/marisolguesthouse.com\/en\/wp-json\/wp\/v2\/pages"}],"about":[{"href":"https:\/\/marisolguesthouse.com\/en\/wp-json\/wp\/v2\/types\/page"}],"author":[{"embeddable":true,"href":"https:\/\/marisolguesthouse.com\/en\/wp-json\/wp\/v2\/users\/1"}],"replies":[{"embeddable":true,"href":"https:\/\/marisolguesthouse.com\/en\/wp-json\/wp\/v2\/comments?post=1489"}],"version-history":[{"count":16,"href":"https:\/\/marisolguesthouse.com\/en\/wp-json\/wp\/v2\/pages\/1489\/revisions"}],"predecessor-version":[{"id":3778,"href":"https:\/\/marisolguesthouse.com\/en\/wp-json\/wp\/v2\/pages\/1489\/revisions\/3778"}],"wp:attachment":[{"href":"https:\/\/marisolguesthouse.com\/en\/wp-json\/wp\/v2\/media?parent=1489"}],"curies":[{"name":"wp","href":"https:\/\/api.w.org\/{rel}","templated":true}]}}