{"id":1489,"date":"2021-06-09T13:44:29","date_gmt":"2021-06-09T13:44:29","guid":{"rendered":"https:\/\/marisolguesthouse.com\/?page_id=1489"},"modified":"2021-06-23T11:28:40","modified_gmt":"2021-06-23T11:28:40","slug":"aviso-legal","status":"publish","type":"page","link":"https:\/\/marisolguesthouse.com\/fr\/aviso-legal\/","title":{"rendered":"Politique de confidentialit\u00e9"},"content":{"rendered":"<div data-elementor-type=\"wp-page\" data-elementor-id=\"1489\" class=\"elementor elementor-1489\" data-elementor-post-type=\"page\">\n\t\t\t\t\t\t<section class=\"elementor-section elementor-top-section elementor-element elementor-element-5eff4e7 elementor-section-boxed elementor-section-height-default elementor-section-height-default\" data-id=\"5eff4e7\" data-element_type=\"section\" data-e-type=\"section\">\n\t\t\t\t\t\t<div class=\"elementor-container elementor-column-gap-default\">\n\t\t\t\t\t<div class=\"elementor-column elementor-col-100 elementor-top-column elementor-element elementor-element-d7763ba\" data-id=\"d7763ba\" data-element_type=\"column\" data-e-type=\"column\">\n\t\t\t<div class=\"elementor-widget-wrap elementor-element-populated\">\n\t\t\t\t\t\t<div class=\"elementor-element elementor-element-64b8d5d elementor-widget elementor-widget-heading\" data-id=\"64b8d5d\" data-element_type=\"widget\" data-e-type=\"widget\" data-widget_type=\"heading.default\">\n\t\t\t\t<div class=\"elementor-widget-container\">\n\t\t\t\t\t<h2 class=\"elementor-heading-title elementor-size-default\">Politique de confidentialit\u00e9<\/h2>\t\t\t\t<\/div>\n\t\t\t\t<\/div>\n\t\t\t\t\t<\/div>\n\t\t<\/div>\n\t\t\t\t\t<\/div>\n\t\t<\/section>\n\t\t\t\t<section class=\"elementor-section elementor-top-section elementor-element elementor-element-4d7c2aa elementor-section-boxed elementor-section-height-default elementor-section-height-default\" data-id=\"4d7c2aa\" data-element_type=\"section\" data-e-type=\"section\">\n\t\t\t\t\t\t<div class=\"elementor-container elementor-column-gap-default\">\n\t\t\t\t\t<div class=\"elementor-column elementor-col-100 elementor-top-column elementor-element elementor-element-62fcaea\" data-id=\"62fcaea\" data-element_type=\"column\" data-e-type=\"column\">\n\t\t\t<div class=\"elementor-widget-wrap elementor-element-populated\">\n\t\t\t\t\t\t<div class=\"elementor-element elementor-element-6cbc5c8 elementor-widget elementor-widget-text-editor\" data-id=\"6cbc5c8\" data-element_type=\"widget\" data-e-type=\"widget\" data-widget_type=\"text-editor.default\">\n\t\t\t\t<div class=\"elementor-widget-container\">\n\t\t\t\t\t\t\t\t\t<p><strong>Marisol Guesthouse<\/strong>, en aplicaci\u00f3n de la normativa vigente en materia de protecci\u00f3n de datos de car\u00e1cter personal, informa que los datos personales que se recogen a trav\u00e9s de los formularios en papel o soporte inform\u00e1tico, se incluyen en los ficheros automatizados espec\u00edficos de usuarios de los servicios de <strong>Marisol Guesthouse<\/strong>.<\/p><p>La recogida y tratamiento automatizado de los datos de car\u00e1cter personal tiene como finalidad el mantenimiento de la relaci\u00f3n comercial y el desempe\u00f1o de tareas de informaci\u00f3n, formaci\u00f3n, asesoramiento y otras actividades propias de <strong>Marisol Guesthouse<\/strong>.<\/p><p>Estos datos no ser\u00e1n cedidos a ninguna entidad ajena a <strong>Marisol Guesthouse<\/strong>\u00a0con la \u00fanica excepci\u00f3n de obligaci\u00f3n o mandato legal.<\/p><p>Adoptamos las medidas necesarias para garantizar la seguridad, integridad y confidencialidad de los datos conforme a lo dispuesto en el Reglamento (UE) 2016\/679 del Parlamento Europeo y del Consejo, de 27 de abril de 2016, relativo a la protecci\u00f3n de las personas f\u00edsicas en lo que respecta al tratamiento de datos personales y a la libre circulaci\u00f3n de los mismos.<\/p><p>L&#039;utilisateur peut \u00e0 tout moment exercer vos droits d&#039;acc\u00e8s, d&#039;opposition, de rectification et d&#039;annulation reconnu dans le R\u00e8glement pr\u00e9cit\u00e9 (UE). L&#039;exercice de ces droits peut \u00eatre effectu\u00e9e par l&#039;utilisateur par e-mail \u00e0: hola.donostia@gmail.com<\/p><p>El usuario manifiesta que todos los datos facilitados por \u00e9l son ciertos y correctos..<\/p><p>Le but du traitement de donn\u00e9es \u00e0 caract\u00e8re personnel:<\/p><p>Quel est l&#039;objectif de nous traitons vos donn\u00e9es personnelles?<\/p><p>En cas de recrutement de l&#039;offre de services \u00e0 maintenir la relation contractuelle, ainsi que la gestion, de l&#039;administration, de l&#039;information, la fourniture et l&#039;am\u00e9lioration du service.<br \/>Envoyer les informations demand\u00e9es par le formulaire fourni dans le num\u00e9rique ou physique.<br \/>Remitir boletines (Newsletter), as\u00ed como comunicaciones comerciales de promociones y\/o publicidad de nuestra entidad y\/o del sector. En este caso, existe en los formularios y contratos una casilla diferenciada a rellenar voluntariamente por el usuario para recibir dicha informaci\u00f3n.<br \/>Veuillez noter que vous pouvez vous opposer \u00e0 l&#039;envoi de communications commerciales par tout moyen et \u00e0 tout moment, par l&#039;envoi d&#039;un e-mail \u00e0 l&#039;adresse indiqu\u00e9e ci-dessus.<\/p><p>Combien de temps vous conserver les donn\u00e9es personnelles collect\u00e9es?<\/p><p>Les donn\u00e9es personnelles fournies seront conserv\u00e9es aussi longtemps que la relation d&#039;affaires et de ne pas demander sa suppression. Plus tard, ils seront pr\u00e9serv\u00e9s pour les p\u00e9riodes prescrites par la loi (\u00e0 l&#039;exception, dans les deux cas, que le traitement a \u00e9t\u00e9 fond\u00e9e sur le consentement de l&#039;Utilisateur et \u00e0 la suppression, dans ce cas, ils seront conserv\u00e9s jusqu&#039;\u00e0 ce que cette r\u00e9vocation).<\/p><p>Par cons\u00e9quent, nous pouvons garantir que vos donn\u00e9es ne seront pas conserv\u00e9es plus longtemps que n\u00e9cessaire aux fins d\u00e9crites ci-dessus, sans pr\u00e9judice de la conservation de ce qui est n\u00e9cessaire pour la formulation, l&#039;exercice ou la d\u00e9fense de r\u00e9clamations \u00e9ventuelles et\/ou lorsque la l\u00e9gislation applicable le permet.<\/p><p>L\u00e9gitimation<\/p><p>Le traitement de vos donn\u00e9es se fait avec la suite juridique des bases de la l\u00e9gitimer:<\/p><p>La solicitud de informaci\u00f3n y\/o la contrataci\u00f3n de los servicios de <strong>Marisol Guesthouse<\/strong>\u00a0cuyos t\u00e9rminos y condiciones se pondr\u00e1n a su disposici\u00f3n en todo caso de forma previa a una eventual contrataci\u00f3n.<br \/>Le consentement libre, sp\u00e9cifique, inform\u00e9e et sans \u00e9quivoque, comme nous vous en informons par la mise \u00e0 leur disposition de la pr\u00e9sente politique de confidentialit\u00e9, qui, apr\u00e8s la lecture de la m\u00eame fa\u00e7on, si d&#039;accord, vous pouvez accepter par une d\u00e9claration ou une action clairement affirmative, telles que le marquage d&#039;une case pr\u00e9vue \u00e0 cet effet.<br \/>Dans le cas o\u00f9 nous ne transmettons pas vos donn\u00e9es, ou le fait de mani\u00e8re erron\u00e9e ou incompl\u00e8te, nous pourrions ne pas \u00eatre en mesure de r\u00e9pondre \u00e0 votre demande, entra\u00eenant l&#039;impossibilit\u00e9 de fournir les informations demand\u00e9es ou \u00e0 ex\u00e9cuter la passation de march\u00e9s de services.<\/p><p>Les communications commerciales<\/p><p>En aplicaci\u00f3n de la LSSI. <strong>Marisol Guesthouse<\/strong>\u00a0no enviar\u00e1 comunicaciones publicitarias o promocionales por correo electr\u00f3nico u otro medio de comunicaci\u00f3n electr\u00f3nica equivalente que previamente no hubieran sido solicitadas o expresamente autorizadas por los destinatarios de las mismas.<\/p><p>En el caso de usuarios con los que exista una relaci\u00f3n contractual previa, <strong>Marisol Guesthouse<\/strong>\u00a0estar\u00e1 autorizado al env\u00edo de comunicaciones comerciales referentes a productos o servicios que sean similares a los que inicialmente fueron objeto de contrataci\u00f3n con el cliente.<\/p><p>Dans tous les cas, l&#039;utilisateur, sur pr\u00e9sentation d&#039;une preuve de votre identit\u00e9, vous pouvez demander \u00e0 ne pas en obtenir davantage d&#039;informations commerciales par le biais de canaux \u00e9num\u00e9r\u00e9s ci-dessus.<\/p>\t\t\t\t\t\t\t\t<\/div>\n\t\t\t\t<\/div>\n\t\t\t\t\t<\/div>\n\t\t<\/div>\n\t\t\t\t\t<\/div>\n\t\t<\/section>\n\t\t\t\t<\/div>","protected":false},"excerpt":{"rendered":"<p>Aviso legal Marisol Guesthouse, en aplicaci\u00f3n de la normativa vigente en materia de protecci\u00f3n de datos de car\u00e1cter personal, informa que los datos personales que se recogen a trav\u00e9s de los formularios en papel o soporte inform\u00e1tico, se incluyen en los ficheros automatizados espec\u00edficos de usuarios de los servicios de Marisol Guesthouse. La recogida y [&hellip;]<\/p>\n","protected":false},"author":1,"featured_media":0,"parent":0,"menu_order":0,"comment_status":"closed","ping_status":"closed","template":"","meta":{"inline_featured_image":false,"site-sidebar-layout":"no-sidebar","site-content-layout":"page-builder","ast-site-content-layout":"default","site-content-style":"default","site-sidebar-style":"default","ast-global-header-display":"","ast-banner-title-visibility":"","ast-main-header-display":"","ast-hfb-above-header-display":"","ast-hfb-below-header-display":"","ast-hfb-mobile-header-display":"","site-post-title":"disabled","ast-breadcrumbs-content":"","ast-featured-img":"disabled","footer-sml-layout":"","ast-disable-related-posts":"","theme-transparent-header-meta":"default","adv-header-id-meta":"","stick-header-meta":"","header-above-stick-meta":"","header-main-stick-meta":"","header-below-stick-meta":"","astra-migrate-meta-layouts":"default","ast-page-background-enabled":"default","ast-page-background-meta":{"desktop":{"background-color":"","background-image":"","background-repeat":"repeat","background-position":"center center","background-size":"auto","background-attachment":"scroll","background-type":"","background-media":"","overlay-type":"","overlay-color":"","overlay-opacity":"","overlay-gradient":""},"tablet":{"background-color":"","background-image":"","background-repeat":"repeat","background-position":"center center","background-size":"auto","background-attachment":"scroll","background-type":"","background-media":"","overlay-type":"","overlay-color":"","overlay-opacity":"","overlay-gradient":""},"mobile":{"background-color":"","background-image":"","background-repeat":"repeat","background-position":"center center","background-size":"auto","background-attachment":"scroll","background-type":"","background-media":"","overlay-type":"","overlay-color":"","overlay-opacity":"","overlay-gradient":""}},"ast-content-background-meta":{"desktop":{"background-color":"var(--ast-global-color-5)","background-image":"","background-repeat":"repeat","background-position":"center center","background-size":"auto","background-attachment":"scroll","background-type":"","background-media":"","overlay-type":"","overlay-color":"","overlay-opacity":"","overlay-gradient":""},"tablet":{"background-color":"var(--ast-global-color-5)","background-image":"","background-repeat":"repeat","background-position":"center center","background-size":"auto","background-attachment":"scroll","background-type":"","background-media":"","overlay-type":"","overlay-color":"","overlay-opacity":"","overlay-gradient":""},"mobile":{"background-color":"var(--ast-global-color-5)","background-image":"","background-repeat":"repeat","background-position":"center center","background-size":"auto","background-attachment":"scroll","background-type":"","background-media":"","overlay-type":"","overlay-color":"","overlay-opacity":"","overlay-gradient":""}},"_joinchat":[],"footnotes":""},"class_list":["post-1489","page","type-page","status-publish","hentry"],"yoast_head":"<!-- This site is optimized with the Yoast SEO plugin v27.4 - https:\/\/yoast.com\/product\/yoast-seo-wordpress\/ -->\n<title>Aviso legal | Marisol Guesthouse<\/title>\n<meta name=\"robots\" content=\"index, follow, max-snippet:-1, max-image-preview:large, max-video-preview:-1\" \/>\n<link rel=\"canonical\" href=\"https:\/\/marisolguesthouse.com\/fr\/aviso-legal\/\" \/>\n<meta property=\"og:locale\" content=\"fr_FR\" \/>\n<meta property=\"og:type\" content=\"article\" \/>\n<meta property=\"og:title\" content=\"Aviso legal | Marisol Guesthouse\" \/>\n<meta property=\"og:description\" content=\"Aviso legal Marisol Guesthouse, en aplicaci\u00f3n de la normativa vigente en materia de protecci\u00f3n de datos de car\u00e1cter personal, informa que los datos personales que se recogen a trav\u00e9s de los formularios en papel o soporte inform\u00e1tico, se incluyen en los ficheros automatizados espec\u00edficos de usuarios de los servicios de Marisol Guesthouse. La recogida y [&hellip;]\" \/>\n<meta property=\"og:url\" content=\"https:\/\/marisolguesthouse.com\/fr\/aviso-legal\/\" \/>\n<meta property=\"og:site_name\" content=\"Marisol Guesthouse\" \/>\n<meta property=\"article:modified_time\" content=\"2021-06-23T11:28:40+00:00\" \/>\n<meta name=\"twitter:card\" content=\"summary_large_image\" \/>\n<meta name=\"twitter:label1\" content=\"Dur\u00e9e de lecture estim\u00e9e\" \/>\n\t<meta name=\"twitter:data1\" content=\"4 minutes\" \/>\n<script type=\"application\/ld+json\" class=\"yoast-schema-graph\">{\"@context\":\"https:\\\/\\\/schema.org\",\"@graph\":[{\"@type\":\"WebPage\",\"@id\":\"https:\\\/\\\/marisolguesthouse.com\\\/aviso-legal\\\/\",\"url\":\"https:\\\/\\\/marisolguesthouse.com\\\/aviso-legal\\\/\",\"name\":\"Aviso legal | Marisol Guesthouse\",\"isPartOf\":{\"@id\":\"https:\\\/\\\/marisolguesthouse.com\\\/#website\"},\"datePublished\":\"2021-06-09T13:44:29+00:00\",\"dateModified\":\"2021-06-23T11:28:40+00:00\",\"breadcrumb\":{\"@id\":\"https:\\\/\\\/marisolguesthouse.com\\\/aviso-legal\\\/#breadcrumb\"},\"inLanguage\":\"fr-FR\",\"potentialAction\":[{\"@type\":\"ReadAction\",\"target\":[\"https:\\\/\\\/marisolguesthouse.com\\\/aviso-legal\\\/\"]}]},{\"@type\":\"BreadcrumbList\",\"@id\":\"https:\\\/\\\/marisolguesthouse.com\\\/aviso-legal\\\/#breadcrumb\",\"itemListElement\":[{\"@type\":\"ListItem\",\"position\":1,\"name\":\"Portada\",\"item\":\"https:\\\/\\\/marisolguesthouse.com\\\/\"},{\"@type\":\"ListItem\",\"position\":2,\"name\":\"Aviso legal\"}]},{\"@type\":\"WebSite\",\"@id\":\"https:\\\/\\\/marisolguesthouse.com\\\/#website\",\"url\":\"https:\\\/\\\/marisolguesthouse.com\\\/\",\"name\":\"Marisol Guesthouse\",\"description\":\"\",\"publisher\":{\"@id\":\"https:\\\/\\\/marisolguesthouse.com\\\/#organization\"},\"potentialAction\":[{\"@type\":\"SearchAction\",\"target\":{\"@type\":\"EntryPoint\",\"urlTemplate\":\"https:\\\/\\\/marisolguesthouse.com\\\/?s={search_term_string}\"},\"query-input\":{\"@type\":\"PropertyValueSpecification\",\"valueRequired\":true,\"valueName\":\"search_term_string\"}}],\"inLanguage\":\"fr-FR\"},{\"@type\":\"Organization\",\"@id\":\"https:\\\/\\\/marisolguesthouse.com\\\/#organization\",\"name\":\"Marisol Guesthouse\",\"url\":\"https:\\\/\\\/marisolguesthouse.com\\\/\",\"logo\":{\"@type\":\"ImageObject\",\"inLanguage\":\"fr-FR\",\"@id\":\"https:\\\/\\\/marisolguesthouse.com\\\/#\\\/schema\\\/logo\\\/image\\\/\",\"url\":\"https:\\\/\\\/marisolguesthouse.com\\\/wp-content\\\/uploads\\\/2021\\\/05\\\/marisolguesthouse.png\",\"contentUrl\":\"https:\\\/\\\/marisolguesthouse.com\\\/wp-content\\\/uploads\\\/2021\\\/05\\\/marisolguesthouse.png\",\"width\":1000,\"height\":380,\"caption\":\"Marisol Guesthouse\"},\"image\":{\"@id\":\"https:\\\/\\\/marisolguesthouse.com\\\/#\\\/schema\\\/logo\\\/image\\\/\"},\"sameAs\":[\"https:\\\/\\\/www.instagram.com\\\/marisolguesthouse\\\/\"]}]}<\/script>\n<!-- \/ Yoast SEO plugin. -->","yoast_head_json":{"title":"Mentions l\u00e9gales | Marisol Guesthouse","robots":{"index":"index","follow":"follow","max-snippet":"max-snippet:-1","max-image-preview":"max-image-preview:large","max-video-preview":"max-video-preview:-1"},"canonical":"https:\/\/marisolguesthouse.com\/fr\/aviso-legal\/","og_locale":"fr_FR","og_type":"article","og_title":"Aviso legal | Marisol Guesthouse","og_description":"Aviso legal Marisol Guesthouse, en aplicaci\u00f3n de la normativa vigente en materia de protecci\u00f3n de datos de car\u00e1cter personal, informa que los datos personales que se recogen a trav\u00e9s de los formularios en papel o soporte inform\u00e1tico, se incluyen en los ficheros automatizados espec\u00edficos de usuarios de los servicios de Marisol Guesthouse. La recogida y [&hellip;]","og_url":"https:\/\/marisolguesthouse.com\/fr\/aviso-legal\/","og_site_name":"Marisol Guesthouse","article_modified_time":"2021-06-23T11:28:40+00:00","twitter_card":"summary_large_image","twitter_misc":{"Dur\u00e9e de lecture estim\u00e9e":"4 minutes"},"schema":{"@context":"https:\/\/schema.org","@graph":[{"@type":"WebPage","@id":"https:\/\/marisolguesthouse.com\/aviso-legal\/","url":"https:\/\/marisolguesthouse.com\/aviso-legal\/","name":"Mentions l\u00e9gales | Marisol Guesthouse","isPartOf":{"@id":"https:\/\/marisolguesthouse.com\/#website"},"datePublished":"2021-06-09T13:44:29+00:00","dateModified":"2021-06-23T11:28:40+00:00","breadcrumb":{"@id":"https:\/\/marisolguesthouse.com\/aviso-legal\/#breadcrumb"},"inLanguage":"fr-FR","potentialAction":[{"@type":"ReadAction","target":["https:\/\/marisolguesthouse.com\/aviso-legal\/"]}]},{"@type":"BreadcrumbList","@id":"https:\/\/marisolguesthouse.com\/aviso-legal\/#breadcrumb","itemListElement":[{"@type":"ListItem","position":1,"name":"Portada","item":"https:\/\/marisolguesthouse.com\/"},{"@type":"ListItem","position":2,"name":"Aviso legal"}]},{"@type":"WebSite","@id":"https:\/\/marisolguesthouse.com\/#website","url":"https:\/\/marisolguesthouse.com\/","name":"Marisol Guesthouse","description":"","publisher":{"@id":"https:\/\/marisolguesthouse.com\/#organization"},"potentialAction":[{"@type":"SearchAction","target":{"@type":"EntryPoint","urlTemplate":"https:\/\/marisolguesthouse.com\/?s={search_term_string}"},"query-input":{"@type":"PropertyValueSpecification","valueRequired":true,"valueName":"search_term_string"}}],"inLanguage":"fr-FR"},{"@type":"Organization","@id":"https:\/\/marisolguesthouse.com\/#organization","name":"Marisol Guesthouse","url":"https:\/\/marisolguesthouse.com\/","logo":{"@type":"ImageObject","inLanguage":"fr-FR","@id":"https:\/\/marisolguesthouse.com\/#\/schema\/logo\/image\/","url":"https:\/\/marisolguesthouse.com\/wp-content\/uploads\/2021\/05\/marisolguesthouse.png","contentUrl":"https:\/\/marisolguesthouse.com\/wp-content\/uploads\/2021\/05\/marisolguesthouse.png","width":1000,"height":380,"caption":"Marisol Guesthouse"},"image":{"@id":"https:\/\/marisolguesthouse.com\/#\/schema\/logo\/image\/"},"sameAs":["https:\/\/www.instagram.com\/marisolguesthouse\/"]}]}},"_links":{"self":[{"href":"https:\/\/marisolguesthouse.com\/fr\/wp-json\/wp\/v2\/pages\/1489","targetHints":{"allow":["GET"]}}],"collection":[{"href":"https:\/\/marisolguesthouse.com\/fr\/wp-json\/wp\/v2\/pages"}],"about":[{"href":"https:\/\/marisolguesthouse.com\/fr\/wp-json\/wp\/v2\/types\/page"}],"author":[{"embeddable":true,"href":"https:\/\/marisolguesthouse.com\/fr\/wp-json\/wp\/v2\/users\/1"}],"replies":[{"embeddable":true,"href":"https:\/\/marisolguesthouse.com\/fr\/wp-json\/wp\/v2\/comments?post=1489"}],"version-history":[{"count":16,"href":"https:\/\/marisolguesthouse.com\/fr\/wp-json\/wp\/v2\/pages\/1489\/revisions"}],"predecessor-version":[{"id":3778,"href":"https:\/\/marisolguesthouse.com\/fr\/wp-json\/wp\/v2\/pages\/1489\/revisions\/3778"}],"wp:attachment":[{"href":"https:\/\/marisolguesthouse.com\/fr\/wp-json\/wp\/v2\/media?parent=1489"}],"curies":[{"name":"wp","href":"https:\/\/api.w.org\/{rel}","templated":true}]}}