{"id":1489,"date":"2021-06-09T13:44:29","date_gmt":"2021-06-09T13:44:29","guid":{"rendered":"https:\/\/marisolguesthouse.com\/?page_id=1489"},"modified":"2021-06-23T11:28:40","modified_gmt":"2021-06-23T11:28:40","slug":"aviso-legal","status":"publish","type":"page","link":"https:\/\/marisolguesthouse.com\/ja\/aviso-legal\/","title":{"rendered":"\u500b\u4eba\u60c5\u5831\u4fdd\u8b77\u65b9\u91dd"},"content":{"rendered":"<div data-elementor-type=\"wp-page\" data-elementor-id=\"1489\" class=\"elementor elementor-1489\" data-elementor-post-type=\"page\">\n\t\t\t\t\t\t<section class=\"elementor-section elementor-top-section elementor-element elementor-element-5eff4e7 elementor-section-boxed elementor-section-height-default elementor-section-height-default\" data-id=\"5eff4e7\" data-element_type=\"section\" data-e-type=\"section\">\n\t\t\t\t\t\t<div class=\"elementor-container elementor-column-gap-default\">\n\t\t\t\t\t<div class=\"elementor-column elementor-col-100 elementor-top-column elementor-element elementor-element-d7763ba\" data-id=\"d7763ba\" data-element_type=\"column\" data-e-type=\"column\">\n\t\t\t<div class=\"elementor-widget-wrap elementor-element-populated\">\n\t\t\t\t\t\t<div class=\"elementor-element elementor-element-64b8d5d elementor-widget elementor-widget-heading\" data-id=\"64b8d5d\" data-element_type=\"widget\" data-e-type=\"widget\" data-widget_type=\"heading.default\">\n\t\t\t\t<div class=\"elementor-widget-container\">\n\t\t\t\t\t<h2 class=\"elementor-heading-title elementor-size-default\">\u500b\u4eba\u60c5\u5831\u4fdd\u8b77\u65b9\u91dd<\/h2>\t\t\t\t<\/div>\n\t\t\t\t<\/div>\n\t\t\t\t\t<\/div>\n\t\t<\/div>\n\t\t\t\t\t<\/div>\n\t\t<\/section>\n\t\t\t\t<section class=\"elementor-section elementor-top-section elementor-element elementor-element-4d7c2aa elementor-section-boxed elementor-section-height-default elementor-section-height-default\" data-id=\"4d7c2aa\" data-element_type=\"section\" data-e-type=\"section\">\n\t\t\t\t\t\t<div class=\"elementor-container elementor-column-gap-default\">\n\t\t\t\t\t<div class=\"elementor-column elementor-col-100 elementor-top-column elementor-element elementor-element-62fcaea\" data-id=\"62fcaea\" data-element_type=\"column\" data-e-type=\"column\">\n\t\t\t<div class=\"elementor-widget-wrap elementor-element-populated\">\n\t\t\t\t\t\t<div class=\"elementor-element elementor-element-6cbc5c8 elementor-widget elementor-widget-text-editor\" data-id=\"6cbc5c8\" data-element_type=\"widget\" data-e-type=\"widget\" data-widget_type=\"text-editor.default\">\n\t\t\t\t<div class=\"elementor-widget-container\">\n\t\t\t\t\t\t\t\t\t<p><strong>Marisol Guesthouse<\/strong>, en aplicaci\u00f3n de la normativa vigente en materia de protecci\u00f3n de datos de car\u00e1cter personal, informa que los datos personales que se recogen a trav\u00e9s de los formularios en papel o soporte inform\u00e1tico, se incluyen en los ficheros automatizados espec\u00edficos de usuarios de los servicios de <strong>Marisol Guesthouse<\/strong>.<\/p><p>La recogida y tratamiento automatizado de los datos de car\u00e1cter personal tiene como finalidad el mantenimiento de la relaci\u00f3n comercial y el desempe\u00f1o de tareas de informaci\u00f3n, formaci\u00f3n, asesoramiento y otras actividades propias de <strong>Marisol Guesthouse<\/strong>.<\/p><p>Estos datos no ser\u00e1n cedidos a ninguna entidad ajena a <strong>Marisol Guesthouse<\/strong>\u00a0con la \u00fanica excepci\u00f3n de obligaci\u00f3n o mandato legal.<\/p><p>Adoptamos las medidas necesarias para garantizar la seguridad, integridad y confidencialidad de los datos conforme a lo dispuesto en el Reglamento (UE) 2016\/679 del Parlamento Europeo y del Consejo, de 27 de abril de 2016, relativo a la protecci\u00f3n de las personas f\u00edsicas en lo que respecta al tratamiento de datos personales y a la libre circulaci\u00f3n de los mismos.<\/p><p>\u30e6\u30fc\u30b6\u30fc\u306f\u968f\u6642\u3001\u304a\u5ba2\u69d8\u306e\u6a29\u5229\u3001\u30a2\u30af\u30bb\u30b9\u306e\u53cd\u5bfe\u306b\u3001\u6574\u6d41\u304a\u3088\u3073\u6d88\u8a8d\u3081\u3089\u308c\u3001\u4e0a\u8a18\u306e\u898f\u5247\uff08EU\uff09\u306e \u304b\u304b\u308b\u6a29\u5229\u306e\u884c\u4f7f\u3092\u884c\u3046\u3053\u3068\u304c\u3042\u308a\u3001\u30e6\u30fc\u30b6\u30fc\u306be-mail:hola.donostia@gmail.com<\/p><p>El usuario manifiesta que todos los datos facilitados por \u00e9l son ciertos y correctos..<\/p><p>\u51e6\u7406\u306e\u70ba\u306b\u500b\u4eba\u30c7\u30fc\u30bf\uff1a<\/p><p>\u3069\u306e\u3088\u3046\u306a\u76ee\u7684\u3067\u3059\u3057\u51e6\u304a\u5ba2\u69d8\u306e\u500b\u4eba\u30c7\u30fc\u30bf\u306f\u3082\u3089\u3048\u307e\u3059\u304b\uff1f<\/p><p>\u306e\u5834\u5408\u63a1\u7528\u30b5\u30fc\u30d3\u30b9\u306e\u63d0\u4f9b\u3092\u7dad\u6301\u3059\u308b\u5951\u7d04\u95a2\u4fc2\u306e\u7ba1\u7406\u3001\u884c\u653f\u60c5\u5831\u306e\u63d0\u4f9b-\u6539\u5584\u306e\u30b5\u30fc\u30d3\u30b9\u3067\u3059\u3002<br \/>\u9001\u4fe1\u3055\u308c\u305f\u60c5\u5831\u3092\u63d0\u4f9b\u3055\u308c\u308b\u3042\u3089\u3086\u308b\u5f62\u306e\u30c7\u30b8\u30bf\u30eb\u307e\u305f\u306f\u7269\u7406\u7684\u306a\u3082\u306e<br \/>Remitir boletines (Newsletter), as\u00ed como comunicaciones comerciales de promociones y\/o publicidad de nuestra entidad y\/o del sector. En este caso, existe en los formularios y contratos una casilla diferenciada a rellenar voluntariamente por el usuario para recibir dicha informaci\u00f3n.<br \/>\u3057\u3066\u304f\u3060\u3055\u3044\u3002\u306b\u5bfe\u3059\u308b\u5f37\u3044\u53cd\u5bfe\u306e\u58f0\u3092\u3042\u3052\u9001\u306e\u5546\u7528\u306e\u901a\u4fe1\u306b\u3088\u308b\u3044\u304b\u306a\u308b\u624b\u6bb5\u3084\u6642\u9593\u3001\u96fb\u5b50\u30e1\u30fc\u30eb\u3092\u9001\u4fe1\u3059\u308b\u5834\u5408\u306f\u3001\u4f4f\u6240\u3092\u8a18\u5165<\/p><p>\u30d7\u30ec\u30a4\u30e4\u30fc\u304c\u3069\u308c\u3060\u3051\u306e\u6642\u9593\u4fdd\u6709\u500b\u4eba\u30c7\u30fc\u30bf\u304c\u53ce\u96c6\u3055\u308c\u308b\u306e\u3067\u3059\u304b?<\/p><p>\u306e\u304b\u3089\u3054\u63d0\u4f9b\u9802\u304d\u307e\u3057\u305f\u500b\u4eba\u60c5\u5831\u306e\u4fdd\u5b58\u306b\u3064\u3044\u3066\u306f\u3001\u4e8b\u696d\u95a2\u4fc2\u306b\u306f\u306a\u3044\u305f\u3081\u524a\u9664\u3057\u307e\u3059\u3002 \u305d\u306e\u5f8c\u3001\u3044\u307e\u307e\u3067\u306e\u671f\u9593\u304c\u6cd5\u4ee4\u306e\u5b9a\u3081\u308b\u4ee5\u5916\u306b\u3001\u4e21\u65b9\u306e\u5834\u5408\u3001\u305d\u306e\u51e6\u7406\u3092\u57fa\u8abf\u3068\u3057\u305f\u3001\u30e6\u30fc\u30b6\u30fc\u306e\u540c\u610f\u3001\u8ffd\u52a0\u307e\u305f\u306f\u524a\u9664\uff08\u4ee5\u4e0b&#034;\u8a02\u6b63\u7b49\u3059\u308b\u5834\u5408\u306f\u305d\u306e\u307e\u307e\u3067\u4fdd\u5b58\u3055\u308c\u3066\u3044\u306a\u3069\u3092\u53d6\u308a\u6d88\u3057).<\/p><p>\u305d\u306e\u305f\u3081\u3001\u4fdd\u8a3c\u3067\u304d\u308b\u30c7\u30fc\u30bf\u306f\u306a\u304f\u76ee\u7684\u306e\u305f\u3081\u306b\u5fc5\u8981\u306a\u3001\u4e0a\u8a18\u306e\u3044\u305a\u308c\u304b\u306e\u4fdd\u5168\u306a\u3069\u306b\u5fc5\u8981\u3068\u306a\u308b\u306e\u7b56\u5b9a\u3084\u9632\u5fa1\u306e\u53ef\u80fd\u6027\u50b5\u6a29\u304a\u3088\u3073\/\u307e\u305f\u306f\u305a\u306e\u9069\u7528\u6cd5\u3068\u3057\u307e\u3059\u3002<\/p><p>Legitimation<\/p><p>\u306e\u52a0\u5de5\u30c7\u30fc\u30bf\u306f\u3001\u4ee5\u4e0b\u306e\u6cd5\u7684\u6839\u62e0\u304clegitimize\u3059:<\/p><p>La solicitud de informaci\u00f3n y\/o la contrataci\u00f3n de los servicios de <strong>Marisol Guesthouse<\/strong>\u00a0cuyos t\u00e9rminos y condiciones se pondr\u00e1n a su disposici\u00f3n en todo caso de forma previa a una eventual contrataci\u00f3n.<br \/>\u540c\u610f\u3092\u5f97\u610f\u3001\u901a\u77e5\u3001\u660e\u78ba\u306a\u3069\u3092\u304a\u77e5\u3089\u305b\u3044\u305f\u3057\u307e\u3059\u3088\u3046\u306b\u914d\u7f6e\u3059\u308b\u3053\u3068\u3067\u305d\u306e\u51e6\u5206\u306e\u73fe\u5728\u306e\u30d7\u30e9\u30a4\u30d0\u30b7\u30fc\u30dd\u30ea\u30b7\u30fc\u3092\u542b\u3081\u3001\u8aad\u307f\u306f\u540c\u3058\u5834\u5408\u3001\u540c\u610f\u3067\u304d\u308b\u53d7\u3051\u5165\u308c\u306b\u3088\u308b\u58f0\u660e\u307e\u305f\u306f\u660e\u78ba\u306a\u884c\u52d5\u3092\u7a4d\u6975\u306a\u3069\u306e\u30de\u30fc\u30ad\u30f3\u30b0\u30dc\u30c3\u30af\u30b9\u306b\u63d0\u4f9b\u3055\u308c\u307e\u3059\u3002<br \/>\u306e\u304a\u5ba2\u69d8\u304b\u3089\u3054\u63d0\u4f9b\u3044\u305f\u3060\u3044\u305f\u30c7\u30fc\u30bf\u306f\u306a\u8aa4\u8a18\u3001\u307e\u305f\u306f\u4e0d\u5b8c\u5168\u3067\u3042\u308b\u3053\u3068\u306f\u3067\u304d\u306a\u3044\u304b\u3082\u3057\u308c\u307e\u305b\u3093\u3001\u3054\u5e0c\u671b\u306b\u6dfb\u3048\u306b\u4f34\u3046\u652f\u63f4\u3059\u308b\u3053\u3068\u306b\u306a\u8981\u6c42\u3055\u308c\u305f\u60c5\u5831\u307e\u305f\u306f\u5b9f\u65bd\u306e\u65b9\u306e\u7de0\u7d04\u56fd\u306e\u30b5\u30fc\u30d3\u30b9<\/p><p>\u5546\u696d\u901a\u4fe1<\/p><p>En aplicaci\u00f3n de la LSSI. <strong>Marisol Guesthouse<\/strong>\u00a0no enviar\u00e1 comunicaciones publicitarias o promocionales por correo electr\u00f3nico u otro medio de comunicaci\u00f3n electr\u00f3nica equivalente que previamente no hubieran sido solicitadas o expresamente autorizadas por los destinatarios de las mismas.<\/p><p>En el caso de usuarios con los que exista una relaci\u00f3n contractual previa, <strong>Marisol Guesthouse<\/strong>\u00a0estar\u00e1 autorizado al env\u00edo de comunicaciones comerciales referentes a productos o servicios que sean similares a los que inicialmente fueron objeto de contrataci\u00f3n con el cliente.<\/p><p>\u3044\u305a\u308c\u306e\u5834\u5408\u3082\u3001\u30e6\u30fc\u30b6\u306b\u63d0\u793a\u304f\u3054\u672c\u4eba\u3055\u307e\u306e\u78ba\u8a8d\u7b49\u306e\u3054\u8acb\u6c42\u3059\u308b\u3053\u3068\u304c\u3067\u304d\u306a\u304f\u5546\u696d\u306e\u60c5\u5831\u30c1\u30e3\u30f3\u30cd\u30eb\u3092\u901a\u3057\u3066\u3001\u4e0a\u8a18\u306e<\/p>\t\t\t\t\t\t\t\t<\/div>\n\t\t\t\t<\/div>\n\t\t\t\t\t<\/div>\n\t\t<\/div>\n\t\t\t\t\t<\/div>\n\t\t<\/section>\n\t\t\t\t<\/div>","protected":false},"excerpt":{"rendered":"<p>Aviso legal Marisol Guesthouse, en aplicaci\u00f3n de la normativa vigente en materia de protecci\u00f3n de datos de car\u00e1cter personal, informa que los datos personales que se recogen a trav\u00e9s de los formularios en papel o soporte inform\u00e1tico, se incluyen en los ficheros automatizados espec\u00edficos de usuarios de los servicios de Marisol Guesthouse. La recogida y tratamiento automatizado de los datos de car\u00e1cter personal tiene como finalidad el mantenimiento de la relaci\u00f3n comercial y el desempe\u00f1o de tareas de informaci\u00f3n, formaci\u00f3n, asesoramiento y otras actividades propias de Marisol Guesthouse. Estos datos no ser\u00e1n cedidos a ninguna entidad ajena a Marisol Guesthouse\u00a0con la \u00fanica excepci\u00f3n de obligaci\u00f3n o mandato legal. Adoptamos las [&hellip;]<\/p>\n","protected":false},"author":1,"featured_media":0,"parent":0,"menu_order":0,"comment_status":"closed","ping_status":"closed","template":"","meta":{"inline_featured_image":false,"site-sidebar-layout":"no-sidebar","site-content-layout":"page-builder","ast-site-content-layout":"default","site-content-style":"default","site-sidebar-style":"default","ast-global-header-display":"","ast-banner-title-visibility":"","ast-main-header-display":"","ast-hfb-above-header-display":"","ast-hfb-below-header-display":"","ast-hfb-mobile-header-display":"","site-post-title":"disabled","ast-breadcrumbs-content":"","ast-featured-img":"disabled","footer-sml-layout":"","ast-disable-related-posts":"","theme-transparent-header-meta":"default","adv-header-id-meta":"","stick-header-meta":"","header-above-stick-meta":"","header-main-stick-meta":"","header-below-stick-meta":"","astra-migrate-meta-layouts":"default","ast-page-background-enabled":"default","ast-page-background-meta":{"desktop":{"background-color":"","background-image":"","background-repeat":"repeat","background-position":"center center","background-size":"auto","background-attachment":"scroll","background-type":"","background-media":"","overlay-type":"","overlay-color":"","overlay-opacity":"","overlay-gradient":""},"tablet":{"background-color":"","background-image":"","background-repeat":"repeat","background-position":"center center","background-size":"auto","background-attachment":"scroll","background-type":"","background-media":"","overlay-type":"","overlay-color":"","overlay-opacity":"","overlay-gradient":""},"mobile":{"background-color":"","background-image":"","background-repeat":"repeat","background-position":"center center","background-size":"auto","background-attachment":"scroll","background-type":"","background-media":"","overlay-type":"","overlay-color":"","overlay-opacity":"","overlay-gradient":""}},"ast-content-background-meta":{"desktop":{"background-color":"var(--ast-global-color-5)","background-image":"","background-repeat":"repeat","background-position":"center center","background-size":"auto","background-attachment":"scroll","background-type":"","background-media":"","overlay-type":"","overlay-color":"","overlay-opacity":"","overlay-gradient":""},"tablet":{"background-color":"var(--ast-global-color-5)","background-image":"","background-repeat":"repeat","background-position":"center center","background-size":"auto","background-attachment":"scroll","background-type":"","background-media":"","overlay-type":"","overlay-color":"","overlay-opacity":"","overlay-gradient":""},"mobile":{"background-color":"var(--ast-global-color-5)","background-image":"","background-repeat":"repeat","background-position":"center center","background-size":"auto","background-attachment":"scroll","background-type":"","background-media":"","overlay-type":"","overlay-color":"","overlay-opacity":"","overlay-gradient":""}},"_joinchat":[],"footnotes":""},"class_list":["post-1489","page","type-page","status-publish","hentry"],"yoast_head":"<!-- This site is optimized with the Yoast SEO plugin v27.4 - https:\/\/yoast.com\/product\/yoast-seo-wordpress\/ -->\n<title>Aviso legal | Marisol Guesthouse<\/title>\n<meta name=\"robots\" content=\"index, follow, max-snippet:-1, max-image-preview:large, max-video-preview:-1\" \/>\n<link rel=\"canonical\" href=\"https:\/\/marisolguesthouse.com\/ja\/aviso-legal\/\" \/>\n<meta property=\"og:locale\" content=\"ja_JP\" \/>\n<meta property=\"og:type\" content=\"article\" \/>\n<meta property=\"og:title\" content=\"Aviso legal | Marisol Guesthouse\" \/>\n<meta property=\"og:description\" content=\"Aviso legal Marisol Guesthouse, en aplicaci\u00f3n de la normativa vigente en materia de protecci\u00f3n de datos de car\u00e1cter personal, informa que los datos personales que se recogen a trav\u00e9s de los formularios en papel o soporte inform\u00e1tico, se incluyen en los ficheros automatizados espec\u00edficos de usuarios de los servicios de Marisol Guesthouse. La recogida y tratamiento automatizado de los datos de car\u00e1cter personal tiene como finalidad el mantenimiento de la relaci\u00f3n comercial y el desempe\u00f1o de tareas de informaci\u00f3n, formaci\u00f3n, asesoramiento y otras actividades propias de Marisol Guesthouse. Estos datos no ser\u00e1n cedidos a ninguna entidad ajena a Marisol Guesthouse\u00a0con la \u00fanica excepci\u00f3n de obligaci\u00f3n o mandato legal. Adoptamos las [&hellip;]\" \/>\n<meta property=\"og:url\" content=\"https:\/\/marisolguesthouse.com\/ja\/aviso-legal\/\" \/>\n<meta property=\"og:site_name\" content=\"Marisol Guesthouse\" \/>\n<meta property=\"article:modified_time\" content=\"2021-06-23T11:28:40+00:00\" \/>\n<meta name=\"twitter:card\" content=\"summary_large_image\" \/>\n<meta name=\"twitter:label1\" content=\"\u63a8\u5b9a\u8aad\u307f\u53d6\u308a\u6642\u9593\" \/>\n\t<meta name=\"twitter:data1\" content=\"4\u5206\" \/>\n<script type=\"application\/ld+json\" class=\"yoast-schema-graph\">{\"@context\":\"https:\\\/\\\/schema.org\",\"@graph\":[{\"@type\":\"WebPage\",\"@id\":\"https:\\\/\\\/marisolguesthouse.com\\\/aviso-legal\\\/\",\"url\":\"https:\\\/\\\/marisolguesthouse.com\\\/aviso-legal\\\/\",\"name\":\"Aviso legal | Marisol Guesthouse\",\"isPartOf\":{\"@id\":\"https:\\\/\\\/marisolguesthouse.com\\\/#website\"},\"datePublished\":\"2021-06-09T13:44:29+00:00\",\"dateModified\":\"2021-06-23T11:28:40+00:00\",\"breadcrumb\":{\"@id\":\"https:\\\/\\\/marisolguesthouse.com\\\/aviso-legal\\\/#breadcrumb\"},\"inLanguage\":\"ja\",\"potentialAction\":[{\"@type\":\"ReadAction\",\"target\":[\"https:\\\/\\\/marisolguesthouse.com\\\/aviso-legal\\\/\"]}]},{\"@type\":\"BreadcrumbList\",\"@id\":\"https:\\\/\\\/marisolguesthouse.com\\\/aviso-legal\\\/#breadcrumb\",\"itemListElement\":[{\"@type\":\"ListItem\",\"position\":1,\"name\":\"Portada\",\"item\":\"https:\\\/\\\/marisolguesthouse.com\\\/\"},{\"@type\":\"ListItem\",\"position\":2,\"name\":\"Aviso legal\"}]},{\"@type\":\"WebSite\",\"@id\":\"https:\\\/\\\/marisolguesthouse.com\\\/#website\",\"url\":\"https:\\\/\\\/marisolguesthouse.com\\\/\",\"name\":\"Marisol Guesthouse\",\"description\":\"\",\"publisher\":{\"@id\":\"https:\\\/\\\/marisolguesthouse.com\\\/#organization\"},\"potentialAction\":[{\"@type\":\"SearchAction\",\"target\":{\"@type\":\"EntryPoint\",\"urlTemplate\":\"https:\\\/\\\/marisolguesthouse.com\\\/?s={search_term_string}\"},\"query-input\":{\"@type\":\"PropertyValueSpecification\",\"valueRequired\":true,\"valueName\":\"search_term_string\"}}],\"inLanguage\":\"ja\"},{\"@type\":\"Organization\",\"@id\":\"https:\\\/\\\/marisolguesthouse.com\\\/#organization\",\"name\":\"Marisol Guesthouse\",\"url\":\"https:\\\/\\\/marisolguesthouse.com\\\/\",\"logo\":{\"@type\":\"ImageObject\",\"inLanguage\":\"ja\",\"@id\":\"https:\\\/\\\/marisolguesthouse.com\\\/#\\\/schema\\\/logo\\\/image\\\/\",\"url\":\"https:\\\/\\\/marisolguesthouse.com\\\/wp-content\\\/uploads\\\/2021\\\/05\\\/marisolguesthouse.png\",\"contentUrl\":\"https:\\\/\\\/marisolguesthouse.com\\\/wp-content\\\/uploads\\\/2021\\\/05\\\/marisolguesthouse.png\",\"width\":1000,\"height\":380,\"caption\":\"Marisol Guesthouse\"},\"image\":{\"@id\":\"https:\\\/\\\/marisolguesthouse.com\\\/#\\\/schema\\\/logo\\\/image\\\/\"},\"sameAs\":[\"https:\\\/\\\/www.instagram.com\\\/marisolguesthouse\\\/\"]}]}<\/script>\n<!-- \/ Yoast SEO plugin. -->","yoast_head_json":{"title":"\u6cd5\u7684\u901a\u77e5Marisol\u306e\u30b2\u30b9\u30c8\u30cf\u30a6\u30b9","robots":{"index":"index","follow":"follow","max-snippet":"max-snippet:-1","max-image-preview":"max-image-preview:large","max-video-preview":"max-video-preview:-1"},"canonical":"https:\/\/marisolguesthouse.com\/ja\/aviso-legal\/","og_locale":"ja_JP","og_type":"article","og_title":"Aviso legal | Marisol Guesthouse","og_description":"Aviso legal Marisol Guesthouse, en aplicaci\u00f3n de la normativa vigente en materia de protecci\u00f3n de datos de car\u00e1cter personal, informa que los datos personales que se recogen a trav\u00e9s de los formularios en papel o soporte inform\u00e1tico, se incluyen en los ficheros automatizados espec\u00edficos de usuarios de los servicios de Marisol Guesthouse. La recogida y tratamiento automatizado de los datos de car\u00e1cter personal tiene como finalidad el mantenimiento de la relaci\u00f3n comercial y el desempe\u00f1o de tareas de informaci\u00f3n, formaci\u00f3n, asesoramiento y otras actividades propias de Marisol Guesthouse. Estos datos no ser\u00e1n cedidos a ninguna entidad ajena a Marisol Guesthouse\u00a0con la \u00fanica excepci\u00f3n de obligaci\u00f3n o mandato legal. Adoptamos las [&hellip;]","og_url":"https:\/\/marisolguesthouse.com\/ja\/aviso-legal\/","og_site_name":"Marisol Guesthouse","article_modified_time":"2021-06-23T11:28:40+00:00","twitter_card":"summary_large_image","twitter_misc":{"\u63a8\u5b9a\u8aad\u307f\u53d6\u308a\u6642\u9593":"4\u5206"},"schema":{"@context":"https:\/\/schema.org","@graph":[{"@type":"WebPage","@id":"https:\/\/marisolguesthouse.com\/aviso-legal\/","url":"https:\/\/marisolguesthouse.com\/aviso-legal\/","name":"\u6cd5\u7684\u901a\u77e5Marisol\u306e\u30b2\u30b9\u30c8\u30cf\u30a6\u30b9","isPartOf":{"@id":"https:\/\/marisolguesthouse.com\/#website"},"datePublished":"2021-06-09T13:44:29+00:00","dateModified":"2021-06-23T11:28:40+00:00","breadcrumb":{"@id":"https:\/\/marisolguesthouse.com\/aviso-legal\/#breadcrumb"},"inLanguage":"ja","potentialAction":[{"@type":"ReadAction","target":["https:\/\/marisolguesthouse.com\/aviso-legal\/"]}]},{"@type":"BreadcrumbList","@id":"https:\/\/marisolguesthouse.com\/aviso-legal\/#breadcrumb","itemListElement":[{"@type":"ListItem","position":1,"name":"Portada","item":"https:\/\/marisolguesthouse.com\/"},{"@type":"ListItem","position":2,"name":"Aviso legal"}]},{"@type":"WebSite","@id":"https:\/\/marisolguesthouse.com\/#website","url":"https:\/\/marisolguesthouse.com\/","name":"Marisol Guesthouse","description":"","publisher":{"@id":"https:\/\/marisolguesthouse.com\/#organization"},"potentialAction":[{"@type":"SearchAction","target":{"@type":"EntryPoint","urlTemplate":"https:\/\/marisolguesthouse.com\/?s={search_term_string}"},"query-input":{"@type":"PropertyValueSpecification","valueRequired":true,"valueName":"search_term_string"}}],"inLanguage":"ja"},{"@type":"Organization","@id":"https:\/\/marisolguesthouse.com\/#organization","name":"Marisol Guesthouse","url":"https:\/\/marisolguesthouse.com\/","logo":{"@type":"ImageObject","inLanguage":"ja","@id":"https:\/\/marisolguesthouse.com\/#\/schema\/logo\/image\/","url":"https:\/\/marisolguesthouse.com\/wp-content\/uploads\/2021\/05\/marisolguesthouse.png","contentUrl":"https:\/\/marisolguesthouse.com\/wp-content\/uploads\/2021\/05\/marisolguesthouse.png","width":1000,"height":380,"caption":"Marisol Guesthouse"},"image":{"@id":"https:\/\/marisolguesthouse.com\/#\/schema\/logo\/image\/"},"sameAs":["https:\/\/www.instagram.com\/marisolguesthouse\/"]}]}},"_links":{"self":[{"href":"https:\/\/marisolguesthouse.com\/ja\/wp-json\/wp\/v2\/pages\/1489","targetHints":{"allow":["GET"]}}],"collection":[{"href":"https:\/\/marisolguesthouse.com\/ja\/wp-json\/wp\/v2\/pages"}],"about":[{"href":"https:\/\/marisolguesthouse.com\/ja\/wp-json\/wp\/v2\/types\/page"}],"author":[{"embeddable":true,"href":"https:\/\/marisolguesthouse.com\/ja\/wp-json\/wp\/v2\/users\/1"}],"replies":[{"embeddable":true,"href":"https:\/\/marisolguesthouse.com\/ja\/wp-json\/wp\/v2\/comments?post=1489"}],"version-history":[{"count":16,"href":"https:\/\/marisolguesthouse.com\/ja\/wp-json\/wp\/v2\/pages\/1489\/revisions"}],"predecessor-version":[{"id":3778,"href":"https:\/\/marisolguesthouse.com\/ja\/wp-json\/wp\/v2\/pages\/1489\/revisions\/3778"}],"wp:attachment":[{"href":"https:\/\/marisolguesthouse.com\/ja\/wp-json\/wp\/v2\/media?parent=1489"}],"curies":[{"name":"wp","href":"https:\/\/api.w.org\/{rel}","templated":true}]}}